{"id":16,"date":"2024-05-21T17:00:01","date_gmt":"2024-05-21T15:00:01","guid":{"rendered":"https:\/\/cronos.studio\/?page_id=16"},"modified":"2024-08-09T19:11:10","modified_gmt":"2024-08-09T17:11:10","slug":"imprint","status":"publish","type":"page","link":"https:\/\/cronos.studio\/de\/imprint\/","title":{"rendered":"Impressum"},"content":{"rendered":"<p><a href=\"https:\/\/cronos.studio\/de\/privacy-policy\/\" data-type=\"page\" data-id=\"23\">Datenschutzerkl\u00e4rung<\/a><\/p>\n\n\n\n<p><strong>Angaben gem\u00e4\u00df \u00a7 5 Digitale-Dienste-Gesetz (DDG)<\/strong><\/p>\n\n\n\n<p>Erwin-Sever David<br>Selbst\u00e4ndiger Fotograf<br>Gr\u00fcnauer Stra\u00dfe 121<br>12557 Berlin<\/p>\n\n\n\n<p><strong>Kontakt<\/strong><\/p>\n\n\n\n<p>Telefon: +49 (0) 173 145 2654<br>Email: <a href=\"mailto:erwin@cronos.studio\">erwin@cronos.studio<\/a><\/p>\n\n\n\n<p><strong>Umsatzsteuernummer<\/strong><\/p>\n\n\n\n<p>DE313745838<\/p>\n\n\n\n<p><strong>Angaben zur Berufshaftpflichtversicherung<\/strong><\/p>\n\n\n\n<p>Name und Sitz des Versicherers:<br>Getsafe GmbH<br>Max-Jarecki-Strasse 21<br>69115 Heidelberg<br>Geltungsraum der Versicherung:<br>Europ\u00e4ische Union<\/p>\n\n\n\n<p class=\"translation-block\">Alle Inhalte dieser Internetpr\u00e4senz, insbesondere Texte, Fotos und Grafiken, sind urheberrechtlich gesch\u00fctzt (<a href=\"https:\/\/creativecommons.org\/licenses\/by-nc-nd\/4.0\/deed.de\" target=\"_blank\" rel=\"noreferrer noopener\">CC BY-NC-ND 4.0<\/a>). Die Vervielf\u00e4ltigung, Bearbeitung, Verbreitung und jede Art der Verwertung au\u00dferhalb der Schranken des Urheberrechtes bed\u00fcrfen der schriftlichen Zustimmung des jeweiligen Urhebers.<\/p>\n\n\n\n<p>Sollten Sie Inhalte verwenden wollen, wenden Sie sich bitte an den Seitenbetreiber. Wer gegen das Urheberrecht verst\u00f6\u00dft, macht sich strafbar und muss mit einer kostenpflichtigen Abmahnung und Forderungen auf Schadensersatz rechnen.<\/p>\n\n\n\n<p><strong>Verbraucherstreitbeilegung\/Universalschlichtungsstelle<\/strong><\/p>\n\n\n\n<p>Wir sind nicht bereit oder verpflichtet, an Streitbeilegungsverfahren vor einer Verbraucherschlichtungsstelle teilzunehmen.<\/p>\n\n\n\n<p><strong>Auskunfts- und Widerrufsrecht<\/strong><\/p>\n\n\n\n<p>Sie haben jederzeit das Recht, sich unentgeltlich und unverz\u00fcglich \u00fcber die zu Ihrer Person erhobenen Daten zu erkundigen. Ebenfalls k\u00f6nnen Sie Ihre Zustimmung zur Verwendung Ihrer angegebenen pers\u00f6nlichen Daten mit Wirkung f\u00fcr die Zukunft widerrufen. Hierf\u00fcr wenden Sie sich bitte an den im Impressum angegebenen Diensteanbieter.<\/p>","protected":false},"excerpt":{"rendered":"<p>Privacy Policy Information in accordance with Section 5 of the Digital Services Act (DDG) Erwin-Sever DavidFreelance photographerGr\u00fcnauer Stra\u00dfe 12112557 Berlin Contact Telephone: +49 (0) 173 145 2654Email: erwin@cronos.studio VAT number DE313745838 Information about professional liability insurance Name and registered office of the insurer:Getsafe GmbHMax-Jarecki-Strasse 2169115 HeidelbergScope of insurance:European Union Unless otherwise stated, all contents of [&hellip;]<\/p>\n","protected":false},"author":1,"featured_media":647,"parent":0,"menu_order":0,"comment_status":"closed","ping_status":"closed","template":"","meta":{"_seopress_robots_primary_cat":"","_seopress_titles_title":"Imprint - Cronos Studio","_seopress_titles_desc":"Architectural photography \u00b7 Gr\u00fcnauer Stra\u00dfe 121 \u00b7 12557 Berlin, Germany \u00b7 Mobile +49 (0) 173 145 2654 \u00b7 contact(at)cronos.studio","_seopress_robots_index":"","footnotes":""},"class_list":["post-16","page","type-page","status-publish","has-post-thumbnail","hentry"],"blocksy_meta":{"has_hero_section":"default","page_structure_type":"type-3","styles_descriptor":{"styles":{"desktop":"","tablet":"","mobile":""},"google_fonts":[],"version":6}},"_links":{"self":[{"href":"https:\/\/cronos.studio\/de\/wp-json\/wp\/v2\/pages\/16","targetHints":{"allow":["GET"]}}],"collection":[{"href":"https:\/\/cronos.studio\/de\/wp-json\/wp\/v2\/pages"}],"about":[{"href":"https:\/\/cronos.studio\/de\/wp-json\/wp\/v2\/types\/page"}],"author":[{"embeddable":true,"href":"https:\/\/cronos.studio\/de\/wp-json\/wp\/v2\/users\/1"}],"replies":[{"embeddable":true,"href":"https:\/\/cronos.studio\/de\/wp-json\/wp\/v2\/comments?post=16"}],"version-history":[{"count":9,"href":"https:\/\/cronos.studio\/de\/wp-json\/wp\/v2\/pages\/16\/revisions"}],"predecessor-version":[{"id":2938,"href":"https:\/\/cronos.studio\/de\/wp-json\/wp\/v2\/pages\/16\/revisions\/2938"}],"wp:featuredmedia":[{"embeddable":true,"href":"https:\/\/cronos.studio\/de\/wp-json\/wp\/v2\/media\/647"}],"wp:attachment":[{"href":"https:\/\/cronos.studio\/de\/wp-json\/wp\/v2\/media?parent=16"}],"curies":[{"name":"wp","href":"https:\/\/api.w.org\/{rel}","templated":true}]}}