{"id":10,"date":"2024-05-21T16:02:34","date_gmt":"2024-05-21T14:02:34","guid":{"rendered":"https:\/\/cronos.studio\/?page_id=10"},"modified":"2024-10-02T16:10:05","modified_gmt":"2024-10-02T14:10:05","slug":"about","status":"publish","type":"page","link":"https:\/\/cronos.studio\/de\/about\/","title":{"rendered":"\u00dcber"},"content":{"rendered":"<div class=\"wp-block-columns about is-layout-flex wp-container-core-columns-is-layout-28f84493 wp-block-columns-is-layout-flex\">\n<div class=\"wp-block-column is-vertically-aligned-center is-layout-flow wp-block-column-is-layout-flow\">\n<h2 class=\"wp-block-heading\">Wer wir sind<\/h2>\n\n\n\n<p>Wir sind Erwin-Sever und Roberta, zwei Fotografen aus Berlin. <\/p>\n\n\n\n<p>Spezialisiert auf Architektur-, Industrie- und Dokumentationsfotografie, wir unterst\u00fctzen Agenturen, Unternehmen und Privatpersonen bei verschiedenen Projekten zur Inszenierung privater und \u00f6ffentlicher R\u00e4ume.<\/p>\n\n\n\n<h2 class=\"wp-block-heading\">Wir arbeiten mit<\/h2>\n\n\n\n<p>Als professionelle Fotografen bieten wir unsere Dienste einem breiten Spektrum von Kunden an, wie z. B.:<\/p>\n\n\n\n<p>Architekturb\u00fcros, die ein Portfolio ihrer laufenden und abgeschlossenen Arbeiten erstellen m\u00f6chten, Dekorateure, die ihre neuesten Entw\u00fcrfe darstellen wollen, Immobilienentwicklungsunternehmen, die ihre neuen Projekte vorstellen m\u00f6chten, und Bauunternehmen, die den Fortschritt ihrer Baustellen dokumentieren wollen.<\/p>\n\n\n\n<p>Wir arbeiten mit Kunden aus der Industrie zusammen, z. B. mit Fabriken, Lagerh\u00e4usern und Produktionsst\u00e4tten, um deren Infrastruktur, Maschinen und Prozesse zu pr\u00e4sentieren.<\/p>\n\n\n\n<p>Unsere Kunden aus dem Gastgewerbe, wie Hotels, Restaurants und Bars, profitieren von hochwertigen Bildern, um ihre Objekte zu vermarkten und Kunden anzuziehen.<\/p>\n\n\n\n<p>Dar\u00fcber hinaus unterst\u00fctzen wir Marketing- und Kommunikationsagenturen bei der Werbung f\u00fcr Projekte und Produkte ihrer Kunden. Durch gezielte Strategien und eine kreative Zusammenarbeit stellen wir sicher, dass ihre Kampagnen die richtige Zielgruppe auf effektive und sinnvolle Weise erreichen.<\/p>\n\n\n\n<h2 class=\"wp-block-heading\">Wie wir arbeiten<\/h2>\n\n\n\n<p class=\"translation-block\">Unsere wichtigsten F\u00e4higkeiten beziehen sich auf die Entwicklung sauberer, genauer Bilder und die Sicherstellung eines kooperativen Arbeitsablaufs.<br>In diesem kurzen Artikel erhalten Sie einen <a href=\"https:\/\/cronos.studio\/de\/blog\/introduction-to-our-post-processing-workflow\/\" target=\"_blank\" rel=\"noreferrer noopener\">Einblick in unseren Nachbearbeitungs-Workflow<\/a>.<br><\/p>\n\n\n\n<p>Neben den konventionellen Methoden der Fotografie und Bearbeitung sind wir in der Lage, auch unkonventionelle Techniken in die Darstellung der Projekte unserer Kunden zu integrieren, wie z. B. Langzeitbelichtung, um Bilder zu schaffen, die Bewegung betonen und das Gef\u00fchl vermitteln, dass die Zeit vergeht, fortschrittliches Compositing, das es uns im Gegensatz zu den \u00fcblichen HDR-Methoden erm\u00f6glicht, bestimmte Bereiche eines Bildes optimal zu bearbeiten, und Zeitraffer, um die Entwicklung eines Bauwerks dynamisch darzustellen und Ver\u00e4nderungen der Beleuchtung, der Aktivit\u00e4t und der Atmosph\u00e4re hervorzuheben.<\/p>\n\n\n\n<h2 class=\"wp-block-heading\">Nehmen Sie gerne Kontakt mit uns auf<\/h2>\n\n\n\n<p>F\u00fcr weitere Arbeitsbeispiele, Kooperationen oder allgemeine Anfragen k\u00f6nnen Sie uns eine E-Mail schicken: <a href=\"mailto:hallo@cronos.studio\">hallo@cronos.studio<\/a>.<\/p>\n<\/div>\n\n\n\n<div class=\"wp-block-column is-vertically-aligned-center is-layout-flow wp-block-column-is-layout-flow\">\n<figure class=\"wp-block-image size-large no-lightbox\"><img decoding=\"async\" width=\"1024\" height=\"1024\" src=\"https:\/\/cronos.studio\/wp-content\/uploads\/2024\/06\/cronos_about_001-1024x1024.jpg\" alt=\"Portr\u00e4t mit einer experimentellen Malerei und einer komplement\u00e4ren \u00dcberblendtechnik der beiden K\u00fcnstler von Cronos Studio.\" class=\"wp-image-723\" srcset=\"https:\/\/cronos.studio\/wp-content\/uploads\/2024\/06\/cronos_about_001-1024x1024.jpg 1024w, https:\/\/cronos.studio\/wp-content\/uploads\/2024\/06\/cronos_about_001-150x150.jpg 150w, https:\/\/cronos.studio\/wp-content\/uploads\/2024\/06\/cronos_about_001-300x300.jpg 300w, https:\/\/cronos.studio\/wp-content\/uploads\/2024\/06\/cronos_about_001-768x768.jpg 768w, https:\/\/cronos.studio\/wp-content\/uploads\/2024\/06\/cronos_about_001-1536x1536.jpg 1536w, https:\/\/cronos.studio\/wp-content\/uploads\/2024\/06\/cronos_about_001-12x12.jpg 12w, https:\/\/cronos.studio\/wp-content\/uploads\/2024\/06\/cronos_about_001.jpg 2000w\" sizes=\"(max-width: 1024px) 100vw, 1024px\" \/><\/figure>\n<\/div>\n<\/div>","protected":false},"excerpt":{"rendered":"<p>Who we are We are Erwin-Sever and Roberta, two Berlin-based photographers. Specialized in architectural, industrial and documentation photography, we support agencies, businesses and individuals on various projects showcasing private and public spaces. We work with As professional photographers, we provide services to a diverse range of clients, such as: Architectural firms looking to create a [&hellip;]<\/p>\n","protected":false},"author":1,"featured_media":723,"parent":0,"menu_order":0,"comment_status":"closed","ping_status":"closed","template":"","meta":{"_seopress_robots_primary_cat":"","_seopress_titles_title":"About - get to know us - Cronos Studio","_seopress_titles_desc":"We are two Berlin-based freelance photographers providing professional services related to architectural documentation and marketing presentations.","_seopress_robots_index":"","footnotes":""},"class_list":["post-10","page","type-page","status-publish","has-post-thumbnail","hentry"],"blocksy_meta":[],"_links":{"self":[{"href":"https:\/\/cronos.studio\/de\/wp-json\/wp\/v2\/pages\/10","targetHints":{"allow":["GET"]}}],"collection":[{"href":"https:\/\/cronos.studio\/de\/wp-json\/wp\/v2\/pages"}],"about":[{"href":"https:\/\/cronos.studio\/de\/wp-json\/wp\/v2\/types\/page"}],"author":[{"embeddable":true,"href":"https:\/\/cronos.studio\/de\/wp-json\/wp\/v2\/users\/1"}],"replies":[{"embeddable":true,"href":"https:\/\/cronos.studio\/de\/wp-json\/wp\/v2\/comments?post=10"}],"version-history":[{"count":22,"href":"https:\/\/cronos.studio\/de\/wp-json\/wp\/v2\/pages\/10\/revisions"}],"predecessor-version":[{"id":3393,"href":"https:\/\/cronos.studio\/de\/wp-json\/wp\/v2\/pages\/10\/revisions\/3393"}],"wp:featuredmedia":[{"embeddable":true,"href":"https:\/\/cronos.studio\/de\/wp-json\/wp\/v2\/media\/723"}],"wp:attachment":[{"href":"https:\/\/cronos.studio\/de\/wp-json\/wp\/v2\/media?parent=10"}],"curies":[{"name":"wp","href":"https:\/\/api.w.org\/{rel}","templated":true}]}}